{"id":614,"date":"2026-02-25T06:24:36","date_gmt":"2026-02-25T11:24:36","guid":{"rendered":"https:\/\/cabanayalis.com\/?page_id=614"},"modified":"2026-02-25T07:18:36","modified_gmt":"2026-02-25T12:18:36","slug":"politica-de-privacidad","status":"publish","type":"page","link":"https:\/\/cabanayalis.com\/en\/politica-de-privacidad\/","title":{"rendered":"Pol\u00edtica de Privacidad"},"content":{"rendered":"<p class=\"wp-block-paragraph\"><\/p>\n\n\n\n<p class=\"has-primary-color has-text-color has-link-color wp-elements-c6186c8423137e995b78136f25fbf840 wp-block-paragraph\"><strong>POL\u00cdTICA DE PRIVACIDAD Y TRATAMIENTO DE DATOS PERSONALES<\/strong><br><strong>CABA\u00d1A YALIS \/ CABA\u00d1A Y RESTAURANTE YALIS S.A.S<\/strong><br><\/p>\n\n\n\n<p class=\"has-primary-color has-text-color has-link-color wp-elements-85278e0dd1a8725a150a2700d0402dcd wp-block-paragraph\"><strong>Versi\u00f3n:<\/strong> 1.0<br><strong>Vigencia desde:<\/strong> 25\/02\/2026<br><strong>\u00daltima actualizaci\u00f3n:<\/strong> 25\/02\/2026<\/p>\n\n\n\n<h3 class=\"wp-block-heading\">1. Responsable del tratamiento<\/h3>\n\n\n\n<p class=\"has-primary-color has-text-color has-link-color wp-elements-17460567ac3aa1f5df24ff0a1c1cd241 wp-block-paragraph\"><strong>CABA\u00d1A Y RESTAURANTE YALIS S.A.S<\/strong> , identificado con <strong>NIT:<\/strong> <strong>901462343-1<\/strong>, con domicilio en <strong>CRA 9 SEC LA PLAYA BARRIO LA BOQUILLA<\/strong>, CARTAGENA, BOLIVAR, COLOMBIA. correo electr\u00f3nico <strong>cyalisrestaurante@gmail.com<\/strong> y tel\u00e9fono <strong>+57<\/strong> <strong>3232923898<\/strong> , es el responsable del tratamiento de los datos personales recolectados a trav\u00e9s del sitio web <strong><a href=\"https:\/\/cabanayalis.com\/en\/\" rel=\"nofollow\">http:\/\/www.cabanayalis.com<\/a><\/strong><\/p>\n\n\n\n<h3 class=\"wp-block-heading\">2. Alcance<\/h3>\n\n\n\n<p class=\"has-primary-color has-text-color has-link-color wp-elements-c26e758f55ea5b8082dfcfa704ba111a wp-block-paragraph\">Esta pol\u00edtica aplica al tratamiento de datos personales que se recolecten a trav\u00e9s de:<\/p>\n\n\n\n<ul class=\"wp-block-list\">\n<li class=\"has-primary-color has-text-color has-link-color wp-elements-f32a9e07903a0ff40842df8d785431dd\">el sitio web <strong><strong><a href=\"https:\/\/cabanayalis.com\/en\/\" rel=\"nofollow\">http:\/\/www.cabanayalis.com<\/a><\/strong><\/strong>.<\/li>\n\n\n\n<li class=\"has-primary-color has-text-color has-link-color wp-elements-225106a5964112a2e38955b7bd33775d\">formularios de contacto.<\/li>\n\n\n\n<li class=\"has-primary-color has-text-color has-link-color wp-elements-45bfb91140e8e2b6d2a947c7f79b8afc\">correo electr\u00f3nico.<\/li>\n\n\n\n<li class=\"has-primary-color has-text-color has-link-color wp-elements-fae2f1005d0138e5b1ae92fa3bc607b8\">tel\u00e9fono o WhatsApp.<\/li>\n\n\n\n<li class=\"has-primary-color has-text-color has-link-color wp-elements-d8833b6af78287e99bc578f94eb79925\">y dem\u00e1s canales de atenci\u00f3n directa del hotel.<\/li>\n<\/ul>\n\n\n\n<h3 class=\"wp-block-heading\">3. Importante: reservas gestionadas por Airbnb<\/h3>\n\n\n\n<p class=\"has-primary-color has-text-color has-link-color wp-elements-1bd022b9845a1452c9fa5967bf8fb5a1 wp-block-paragraph\">Nuestro sitio web es de car\u00e1cter informativo y de contacto.<br><strong>Las reservas y pagos no se procesan en este sitio web.<\/strong><\/p>\n\n\n\n<p class=\"has-primary-color has-text-color has-link-color wp-elements-0b81f364ee31971b78f7f7ac43e74bb8 wp-block-paragraph\">Cuando el usuario hace clic en el bot\u00f3n <strong>\u201cReservar\u201d<\/strong> (o similar), es redirigido a una plataforma de terceros (<strong>Airbnb<\/strong>), donde se gestionan:<\/p>\n\n\n\n<ul class=\"wp-block-list\">\n<li class=\"has-primary-color has-text-color has-link-color wp-elements-06f53adc3608394e1cbeba566844253a\">disponibilidad.<\/li>\n\n\n\n<li class=\"has-primary-color has-text-color has-link-color wp-elements-66389d0ac92f6491dc0bdcab2a934849\">precio final.<\/li>\n\n\n\n<li class=\"has-primary-color has-text-color has-link-color wp-elements-43fd1bebe634f6503b56b833efe93a70\">pago.<\/li>\n\n\n\n<li class=\"has-primary-color has-text-color has-link-color wp-elements-f618291c171ea7e67f6b348065ca5520\">confirmaci\u00f3n de la reserva.<\/li>\n\n\n\n<li class=\"has-primary-color has-text-color has-link-color wp-elements-26e064f07a33ec7454ee570a38bdea38\">y tratamiento de datos asociados al proceso de reserva dentro de dicha plataforma.<\/li>\n<\/ul>\n\n\n\n<p class=\"has-primary-color has-text-color has-link-color wp-elements-c7cc4bdd4b2d7830d67d3daa16809d21 wp-block-paragraph\">Una vez el usuario sale de nuestro sitio, el tratamiento de datos en la plataforma externa se rige por los t\u00e9rminos y pol\u00edticas de privacidad de ese tercero.<\/p>\n\n\n\n<h3 class=\"wp-block-heading\">4. Datos que podemos recolectar en nuestro sitio web<\/h3>\n\n\n\n<p class=\"has-primary-color has-text-color has-link-color wp-elements-54f59e618dfc4db18d98107c98e2545a wp-block-paragraph\">Podemos recolectar, seg\u00fan el caso:<\/p>\n\n\n\n<ul class=\"wp-block-list\">\n<li class=\"has-primary-color has-text-color has-link-color wp-elements-88fc50ecd2e58f113424b3edc6b3cd7b\"><strong>Datos de contacto:<\/strong> nombre, correo electr\u00f3nico, tel\u00e9fono.<\/li>\n\n\n\n<li class=\"has-primary-color has-text-color has-link-color wp-elements-c1bdbbdc954b8351fb4d180e570475ab\"><strong>Datos de consulta:<\/strong> mensaje enviado por formulario, WhatsApp o correo.<\/li>\n\n\n\n<li class=\"has-primary-color has-text-color has-link-color wp-elements-0850bdc3390c71dd4c05c80a0166e6dc\"><strong>Datos t\u00e9cnicos y de navegaci\u00f3n:<\/strong> direcci\u00f3n IP, navegador, dispositivo, p\u00e1ginas visitadas y cookies.<\/li>\n\n\n\n<li class=\"has-primary-color has-text-color has-link-color wp-elements-63a5052a47702adecc01ff46cab3e110\"><strong>Datos comerciales b\u00e1sicos:<\/strong> inter\u00e9s en fechas, n\u00famero de personas o tipo de alojamiento (solo si el usuario lo env\u00eda por formulario o mensaje directo).<\/li>\n<\/ul>\n\n\n\n<p class=\"has-primary-color has-text-color has-link-color wp-elements-38fac0d0fa9d06bf13670972c0c6e83f wp-block-paragraph\"><strong>No procesamos pagos ni almacenamos datos completos de tarjetas<\/strong> en este sitio web.<\/p>\n\n\n\n<h3 class=\"wp-block-heading\">5. Finalidades del tratamiento<\/h3>\n\n\n\n<p class=\"has-primary-color has-text-color has-link-color wp-elements-d4d785be34751374f5c703ec08217ec4 wp-block-paragraph\">Los datos recolectados en nuestros canales directos podr\u00e1n ser usados para:<\/p>\n\n\n\n<ol class=\"wp-block-list\">\n<li class=\"has-primary-color has-text-color has-link-color wp-elements-ae215d2b4c3564c66a18ee05f2c241d3\">Atender solicitudes de informaci\u00f3n y consultas.<\/li>\n\n\n\n<li class=\"has-primary-color has-text-color has-link-color wp-elements-ba7108cd37e21d08a1d7143a1fd4fdf8\">Responder mensajes enviados por formulario, correo o WhatsApp.<\/li>\n\n\n\n<li class=\"has-primary-color has-text-color has-link-color wp-elements-298c7312374ce6ed10d30f970d15467e\">Brindar atenci\u00f3n al cliente antes o despu\u00e9s de la estancia.<\/li>\n\n\n\n<li class=\"has-primary-color has-text-color has-link-color wp-elements-5862e41bf53c67db3c0946b51f46cd58\">Gestionar solicitudes relacionadas con reservas cuando el usuario nos contacte directamente.<\/li>\n\n\n\n<li class=\"has-primary-color has-text-color has-link-color wp-elements-0d507eb062c06e782c0d59779b847815\">Mejorar el funcionamiento del sitio web y la experiencia del usuario.<\/li>\n\n\n\n<li class=\"has-primary-color has-text-color has-link-color wp-elements-b5e6e1a5cd8265c7ed3321e2cd2feb94\">Cumplir obligaciones legales y atender requerimientos de autoridades.<\/li>\n\n\n\n<li class=\"has-primary-color has-text-color has-link-color wp-elements-5881f3a35bdd04b58368a4091b40adf0\">Enviar informaci\u00f3n comercial o promocional, <strong>solo si el titular lo autoriza<\/strong>.<\/li>\n<\/ol>\n\n\n\n<h3 class=\"wp-block-heading\">6. Datos recibidos por otros canales (incluida plataforma de reservas)<\/h3>\n\n\n\n<p class=\"has-primary-color has-text-color has-link-color wp-elements-14adc6306d1e44694fee01ffa6bb212c wp-block-paragraph\">En caso de que el hotel reciba datos del hu\u00e9sped por canales distintos al sitio web (por ejemplo, mensajer\u00eda de plataformas de reserva, atenci\u00f3n telef\u00f3nica o check-in), dichos datos ser\u00e1n tratados \u00fanicamente para:<\/p>\n\n\n\n<ul class=\"wp-block-list\">\n<li class=\"has-primary-color has-text-color has-link-color wp-elements-2394a22c5630cab10a32b9da8bccf79d\">gestionar la estancia.<\/li>\n\n\n\n<li class=\"has-primary-color has-text-color has-link-color wp-elements-f523224101e4b3ff5ce0c3ff683d5d4b\">prestar el servicio de alojamiento.<\/li>\n\n\n\n<li class=\"has-primary-color has-text-color has-link-color wp-elements-9b14adc8449fab9fcb873b35c69590cc\">cumplir obligaciones legales.<\/li>\n\n\n\n<li class=\"has-primary-color has-text-color has-link-color wp-elements-21df809222cbbbdd412b87a2663395e7\">y atender requerimientos del hu\u00e9sped o de autoridades competentes.<\/li>\n<\/ul>\n\n\n\n<h3 class=\"wp-block-heading\">7. Derechos del titular<\/h3>\n\n\n\n<p class=\"has-primary-color has-text-color has-link-color wp-elements-d7d177f247c32f1baa6c7f74c3720aa6 wp-block-paragraph\">El titular de los datos personales puede:<\/p>\n\n\n\n<ul class=\"wp-block-list\">\n<li class=\"has-primary-color has-text-color has-link-color wp-elements-65e055d49546828e61e98d226c66fe44\">conocer, actualizar y rectificar sus datos.<\/li>\n\n\n\n<li class=\"has-primary-color has-text-color has-link-color wp-elements-35d7637d881625c849d566c6f033ab1d\">solicitar prueba de autorizaci\u00f3n (cuando aplique).<\/li>\n\n\n\n<li class=\"has-primary-color has-text-color has-link-color wp-elements-9ec7e49a41da551e2de52a6376ec7616\">solicitar informaci\u00f3n sobre el uso de sus datos.<\/li>\n\n\n\n<li class=\"has-primary-color has-text-color has-link-color wp-elements-715fa2c7774fc714de0566d2ccd7e765\">presentar consultas y reclamos.<\/li>\n\n\n\n<li class=\"has-primary-color has-text-color has-link-color wp-elements-e722e134a8e02bc03d35992438378b1d\">solicitar la supresi\u00f3n de sus datos o la revocatoria de la autorizaci\u00f3n, cuando sea procedente.<\/li>\n\n\n\n<li class=\"has-primary-color has-text-color has-link-color wp-elements-360f56a9a1f91154b6d7784a88980547\">acceder de forma gratuita a sus datos personales.<\/li>\n<\/ul>\n\n\n\n<h3 class=\"wp-block-heading\">8. Canales para consultas y reclamos<\/h3>\n\n\n\n<p class=\"has-primary-color has-text-color has-link-color wp-elements-d1bfed4017da59e969d590d59962650e wp-block-paragraph\">Para ejercer sus derechos, el titular puede contactarnos en:<\/p>\n\n\n\n<ul class=\"wp-block-list\">\n<li class=\"has-primary-color has-text-color has-link-color wp-elements-076ceb646b534deec0bfe1d112bf5e6c\"><strong>Correo:<\/strong> <strong>reservascabanayalis@gmail.com<\/strong>.<\/li>\n\n\n\n<li class=\"has-primary-color has-text-color has-link-color wp-elements-c4887f1fcf812c2dff063bd0a2ea9eb4\"><strong>Phone number<\/strong> <strong>+ 57 3232923898<\/strong>.<\/li>\n\n\n\n<li class=\"has-primary-color has-text-color has-link-color wp-elements-57e836d8098cfafb15751b897178a929\"><strong>Direcci\u00f3n:<\/strong> Carrera 9, Sector La Playa, La Boquilla, Cartagena de Indias.<\/li>\n\n\n\n<li class=\"has-primary-color has-text-color has-link-color wp-elements-e5a72b38f51f96096b21385df7860ff6\"><strong>Horario de atenci\u00f3n:<\/strong> 9:00 AM a 9:00 PM.<\/li>\n<\/ul>\n\n\n\n<h3 class=\"wp-block-heading\">9. Cookies y tecnolog\u00edas similares<\/h3>\n\n\n\n<p class=\"has-primary-color has-text-color has-link-color wp-elements-a7732d011ae9d52dda614513e3c54092 wp-block-paragraph\">Nuestro sitio puede utilizar cookies y tecnolog\u00edas similares para su funcionamiento, estad\u00edsticas y mejoras de navegaci\u00f3n.<br>La informaci\u00f3n detallada se encuentra en nuestra <strong>Pol\u00edtica de Cookies<\/strong>: <a href=\"https:\/\/cabanayalis.com\/en\/politica-de-cookies\/\">https:\/\/cabanayalis.com\/politica-de-cookies\/<\/a>.<\/p>\n\n\n\n<h3 class=\"wp-block-heading\">10. Enlaces a terceros<\/h3>\n\n\n\n<p class=\"has-primary-color has-text-color has-link-color wp-elements-e85cc6ab6d3fab8409f2dbdadd8e6e48 wp-block-paragraph\">Este sitio web puede contener enlaces a sitios de terceros (por ejemplo, Airbnb, mapas, redes sociales).<br>No somos responsables por el contenido, funcionamiento o tratamiento de datos realizado por dichos terceros una vez el usuario abandona nuestro sitio.<\/p>\n\n\n\n<h3 class=\"wp-block-heading\">11. Seguridad de la informaci\u00f3n<\/h3>\n\n\n\n<p class=\"has-primary-color has-text-color has-link-color wp-elements-c8a690aa145498693cb406fd5bf8b709 wp-block-paragraph\">Adoptamos medidas t\u00e9cnicas, humanas y administrativas razonables para proteger la informaci\u00f3n personal contra acceso no autorizado, p\u00e9rdida, uso indebido o alteraci\u00f3n.<\/p>\n\n\n\n<h3 class=\"wp-block-heading\">12. Tratamiento de datos de menores<\/h3>\n\n\n\n<p class=\"has-primary-color has-text-color has-link-color wp-elements-f3efe9b1de7495df4105496c4e2b2dca wp-block-paragraph\">No recolectamos intencionalmente datos personales de menores de edad a trav\u00e9s del sitio web sin autorizaci\u00f3n de sus padres o representantes, salvo cuando sea necesario para la prestaci\u00f3n del servicio y conforme a la normatividad aplicable.<\/p>\n\n\n\n<h3 class=\"wp-block-heading\">13. Vigencia y cambios<\/h3>\n\n\n\n<p class=\"has-primary-color has-text-color has-link-color wp-elements-dc3dadf6d75a17bb582d380640430c83 wp-block-paragraph\">Esta pol\u00edtica entra en vigencia a partir de <strong>25\/02\/2026<\/strong>.<br>Podemos actualizarla en cualquier momento; los cambios ser\u00e1n publicados en esta misma p\u00e1gina.<\/p>","protected":false},"excerpt":{"rendered":"<p>POL\u00cdTICA DE PRIVACIDAD Y TRATAMIENTO DE DATOS PERSONALESCABA\u00d1A YALIS \/ CABA\u00d1A Y RESTAURANTE YALIS S.A.S Versi\u00f3n: 1.0Vigencia desde: 25\/02\/2026\u00daltima actualizaci\u00f3n: 25\/02\/2026 1. Responsable del tratamiento CABA\u00d1A Y RESTAURANTE YALIS S.A.S , identificado con NIT: 901462343-1, con domicilio en CRA 9 SEC LA PLAYA BARRIO LA BOQUILLA, CARTAGENA, BOLIVAR, COLOMBIA. correo electr\u00f3nico cyalisrestaurante@gmail.com y tel\u00e9fono +57 [&hellip;]<\/p>\n","protected":false},"author":270876243,"featured_media":0,"parent":0,"menu_order":0,"comment_status":"closed","ping_status":"closed","template":"","meta":{"_crdt_document":"","advanced_seo_description":"","jetpack_seo_html_title":"","jetpack_seo_noindex":false,"footnotes":""},"class_list":["post-614","page","type-page","status-publish","hentry"],"jetpack_sharing_enabled":true,"jetpack-related-posts":[{"id":27,"url":"https:\/\/cabanayalis.com\/en\/reserva-cabana-yalis\/","url_meta":{"origin":614,"position":0},"title":"RESERVATIONS","author":"diegomh2299","date":"26 de October de 2025","format":false,"excerpt":"Creando belleza Estamos dedicados a la atenci\u00f3n cercana con el cliente, para que su estancia en Cartagena de Indias sea la mejor posible. Nuestra pasi\u00f3n por el detalle y nuestro compromiso con la calidad se reflejan en cada pieza, manteniendo orden en cada rinc\u00f3n de la caba\u00f1a. M\u00e1s sobre nosotros\u2026","rel":"","context":"Similar post","block_context":{"text":"Similar post","link":""},"img":{"alt_text":"","src":"https:\/\/i0.wp.com\/cabanayalis.com\/wp-content\/uploads\/2025\/11\/DSC5611.jpg?resize=350%2C200&ssl=1","width":350,"height":200,"srcset":"https:\/\/i0.wp.com\/cabanayalis.com\/wp-content\/uploads\/2025\/11\/DSC5611.jpg?resize=350%2C200&ssl=1 1x, https:\/\/i0.wp.com\/cabanayalis.com\/wp-content\/uploads\/2025\/11\/DSC5611.jpg?resize=525%2C300&ssl=1 1.5x, https:\/\/i0.wp.com\/cabanayalis.com\/wp-content\/uploads\/2025\/11\/DSC5611.jpg?resize=700%2C400&ssl=1 2x, https:\/\/i0.wp.com\/cabanayalis.com\/wp-content\/uploads\/2025\/11\/DSC5611.jpg?resize=1050%2C600&ssl=1 3x, https:\/\/i0.wp.com\/cabanayalis.com\/wp-content\/uploads\/2025\/11\/DSC5611.jpg?resize=1400%2C800&ssl=1 4x"},"classes":[]},{"id":105,"url":"https:\/\/cabanayalis.com\/en\/la-cabana\/","url_meta":{"origin":614,"position":1},"title":"OUR CABIN","author":"diegomh2299","date":"12 de November de 2025","format":false,"excerpt":"Bienvenido a Caba\u00f1a Yalis, tu lugar en Cartagena de Indias, un refugio frente al mar para disfrutar del Caribe con calma, comodidad y una ubicaci\u00f3n inmejorable en La Boquilla. Desde la terraza y las zonas sociales contemplar\u00e1s la playa a pocos pasos, con acceso a actividades como motos acu\u00e1ticas, excursiones\u2026","rel":"","context":"Similar post","block_context":{"text":"Similar post","link":""},"img":{"alt_text":"","src":"https:\/\/i0.wp.com\/cabanayalis.com\/wp-content\/uploads\/2025\/11\/DSC5463.jpg?fit=1200%2C800&ssl=1&resize=350%2C200","width":350,"height":200,"srcset":"https:\/\/i0.wp.com\/cabanayalis.com\/wp-content\/uploads\/2025\/11\/DSC5463.jpg?fit=1200%2C800&ssl=1&resize=350%2C200 1x, https:\/\/i0.wp.com\/cabanayalis.com\/wp-content\/uploads\/2025\/11\/DSC5463.jpg?fit=1200%2C800&ssl=1&resize=525%2C300 1.5x, https:\/\/i0.wp.com\/cabanayalis.com\/wp-content\/uploads\/2025\/11\/DSC5463.jpg?fit=1200%2C800&ssl=1&resize=700%2C400 2x, https:\/\/i0.wp.com\/cabanayalis.com\/wp-content\/uploads\/2025\/11\/DSC5463.jpg?fit=1200%2C800&ssl=1&resize=1050%2C600 3x"},"classes":[]},{"id":151,"url":"https:\/\/cabanayalis.com\/en\/descubre-lugares-magicos-en-cartagena-de-indias\/","url_meta":{"origin":614,"position":2},"title":"Discover magical places in Cartagena de Indias.","author":"diegomh2299","date":"26 de November de 2025","format":false,"excerpt":"Desde Caba\u00f1a Yalis, te mostramos nuestra lista de recomendaciones para visitar lugares incre\u00edbles y planes que hacer en la Cartagena de Indias","rel":"","context":"Similar post","block_context":{"text":"Similar post","link":""},"img":{"alt_text":"","src":"https:\/\/i0.wp.com\/cabanayalis.com\/wp-content\/uploads\/2025\/11\/colombia-2466434_1280.jpg?fit=1200%2C795&ssl=1&resize=350%2C200","width":350,"height":200,"srcset":"https:\/\/i0.wp.com\/cabanayalis.com\/wp-content\/uploads\/2025\/11\/colombia-2466434_1280.jpg?fit=1200%2C795&ssl=1&resize=350%2C200 1x, https:\/\/i0.wp.com\/cabanayalis.com\/wp-content\/uploads\/2025\/11\/colombia-2466434_1280.jpg?fit=1200%2C795&ssl=1&resize=525%2C300 1.5x, https:\/\/i0.wp.com\/cabanayalis.com\/wp-content\/uploads\/2025\/11\/colombia-2466434_1280.jpg?fit=1200%2C795&ssl=1&resize=700%2C400 2x, https:\/\/i0.wp.com\/cabanayalis.com\/wp-content\/uploads\/2025\/11\/colombia-2466434_1280.jpg?fit=1200%2C795&ssl=1&resize=1050%2C600 3x"},"classes":[]},{"id":16,"url":"https:\/\/cabanayalis.com\/en\/contacto\/","url_meta":{"origin":614,"position":3},"title":"CABA\u00d1A YALIS","author":"diegomh2299","date":"11 de November de 2025","format":false,"excerpt":"Chat en WhatsApp S\u00edguenos en nuestras redes sociales Carrera 9, Sector La Playa, La Boquilla, Cartagena de Indias +57 304 648 8271 cyalisrestaurante@gmail.com Carrera 9, Cartagena, Bol\u00edvar, Colombia Contacto +57 304 648 8271 Men\u00fa \u00a9 2025 todos los derechos reservados.","rel":"","context":"Similar post","block_context":{"text":"Similar post","link":""},"img":{"alt_text":"","src":"","width":0,"height":0},"classes":[]},{"id":622,"url":"https:\/\/cabanayalis.com\/en\/politica-de-cookies\/","url_meta":{"origin":614,"position":4},"title":"Pol\u00edtica de Cookies","author":"diegomh2299","date":"25 de February de 2026","format":false,"excerpt":"CABA\u00d1A YALIS \/ WWW.CABA\u00d1AYALIS.COMVersi\u00f3n: 1.0\u00daltima actualizaci\u00f3n: 25\/02\/2026 1. \u00bfQu\u00e9 son las cookies? Las cookies son archivos peque\u00f1os que se almacenan en el dispositivo del usuario cuando visita un sitio web. Permiten el funcionamiento del sitio, recordar preferencias y obtener estad\u00edsticas de uso. 2. \u00bfQu\u00e9 cookies usamos? En WWW.CABA\u00d1AYALIS.COM podemos usar\u2026","rel":"","context":"Similar post","block_context":{"text":"Similar post","link":""},"img":{"alt_text":"","src":"","width":0,"height":0},"classes":[]},{"id":628,"url":"https:\/\/cabanayalis.com\/en\/terminos-y-condiciones-para-reservas-individuales-cabana-yalis-s-a-s\/","url_meta":{"origin":614,"position":5},"title":"T\u00c9RMINOS Y CONDICIONES PARA RESERVAS INDIVIDUALES CABA\u00d1A YALIS S.A.S","author":"diegomh2299","date":"25 de February de 2026","format":false,"excerpt":"OBJETIVO Proveer las pol\u00edticas, condiciones y t\u00e9rminos de la reserva seg\u00fan el tipo de habitaci\u00f3n adquirida en la Caba\u00f1a Yalis S.A.S, en desarrollo al cumplimiento de los lineamientos internos y disposiciones legales aplicables en Colombia. Generalidades Pol\u00edtica de ingreso (Check In) y salida del hotel (Check Out) Hora de ingreso\u2026","rel":"","context":"Similar post","block_context":{"text":"Similar post","link":""},"img":{"alt_text":"","src":"","width":0,"height":0},"classes":[]}],"_links":{"self":[{"href":"https:\/\/cabanayalis.com\/en\/wp-json\/wp\/v2\/pages\/614","targetHints":{"allow":["GET"]}}],"collection":[{"href":"https:\/\/cabanayalis.com\/en\/wp-json\/wp\/v2\/pages"}],"about":[{"href":"https:\/\/cabanayalis.com\/en\/wp-json\/wp\/v2\/types\/page"}],"author":[{"embeddable":true,"href":"https:\/\/cabanayalis.com\/en\/wp-json\/wp\/v2\/users\/270876243"}],"replies":[{"embeddable":true,"href":"https:\/\/cabanayalis.com\/en\/wp-json\/wp\/v2\/comments?post=614"}],"version-history":[{"count":12,"href":"https:\/\/cabanayalis.com\/en\/wp-json\/wp\/v2\/pages\/614\/revisions"}],"predecessor-version":[{"id":644,"href":"https:\/\/cabanayalis.com\/en\/wp-json\/wp\/v2\/pages\/614\/revisions\/644"}],"wp:attachment":[{"href":"https:\/\/cabanayalis.com\/en\/wp-json\/wp\/v2\/media?parent=614"}],"curies":[{"name":"wp","href":"https:\/\/api.w.org\/{rel}","templated":true}]}}