{"id":183,"date":"2025-11-26T13:11:49","date_gmt":"2025-11-26T18:11:49","guid":{"rendered":"https:\/\/cabanayalis.com\/?page_id=183"},"modified":"2026-02-25T14:11:45","modified_gmt":"2026-02-25T19:11:45","slug":"contacto-2","status":"publish","type":"page","link":"https:\/\/cabanayalis.com\/en\/contacto-2\/","title":{"rendered":"CONTACT"},"content":{"rendered":"<div class=\"wp-block-group alignfull has-global-padding is-content-justification-center is-layout-constrained wp-block-group-is-layout-constrained\" style=\"margin-top:0;margin-bottom:0;padding-top:var(--wp--preset--spacing--40);padding-bottom:var(--wp--preset--spacing--40)\">\n<div class=\"wp-block-columns alignwide is-layout-flex wp-container-core-columns-is-layout-794e3cfa wp-block-columns-is-layout-flex\">\n<div class=\"wp-block-column is-vertically-aligned-center is-layout-flow wp-block-column-is-layout-flow\">\n<p class=\"is-contact-description wp-block-paragraph\"><mark style=\"background-color:rgba(0, 0, 0, 0);color:#000000\" class=\"has-inline-color\">You can also leave us your comments, questions, or suggestions using the form below. We\u2019ll be happy to get back to you.<\/mark><\/p>\n\n\n\n<div style=\"height:calc( 0.25 * var(--wp--style--root--padding-right, var(--wp--custom--gap--horizontal)))\" aria-hidden=\"true\" class=\"wp-block-spacer\"><\/div>\n\n\n<div class=\"wp-block-jetpack-contact-form is-style-default wp-elements-25fa4c30766427a8047c3b30a4d95d6b\"><a href=\"https:\/\/cabanayalis.com\/en\/contacto-2\/\" target=\"_blank\" rel=\"noopener noreferrer\">Submit a form.<\/a><\/div><\/div>\n<\/div>\n<\/div>\n\n\n\n<div class=\"wp-block-stackable-columns alignfull stk-block-columns stk-block stk-1c82bad\" data-block-id=\"1c82bad\"><style>.stk-1c82bad {margin-top:var(--stk--preset--spacing--40, 1rem) !important;margin-bottom:var(--stk--preset--spacing--40, 1rem) !important;}.stk-1c82bad-column{flex-wrap:wrap !important;--stk-flex-grow:0 !important;}<\/style><div class=\"stk-row stk-inner-blocks stk-block-content stk-content-align stk-1c82bad-column alignwide\">\n<div class=\"wp-block-stackable-column stk-block-column stk-column stk-block stk-a929849\" data-v=\"4\" data-block-id=\"a929849\"><style>.stk-a929849-inner-blocks{justify-content:flex-start !important;align-items:flex-start !important;}@media screen and (min-width: 768px){.stk-a929849 {flex:var(--stk-flex-grow, 1) 1 calc(33.33% - var(--stk-column-gap, 0px) * 2 \/ 3 ) !important;}}<\/style><div class=\"stk-column-wrapper stk-block-column__content stk-container stk-a929849-container stk--no-background stk--no-padding\"><div class=\"stk--block-horizontal-flex stk--column-flex stk-block-content stk-inner-blocks stk-a929849-inner-blocks\">\n<div class=\"wp-block-stackable-icon stk-block-icon stk-block stk-500f999\" data-block-id=\"500f999\"><style>.stk-500f999 .stk--svg-wrapper .stk--inner-svg svg:last-child, .stk-500f999 .stk--svg-wrapper .stk--inner-svg svg:last-child :is(g, path, rect, polygon, ellipse){fill:#0f0e17 !important;}<\/style><span class=\"stk--svg-wrapper\"><div class=\"stk--inner-svg\"><svg style=\"height:0;width:0\"><defs><lineargradient id=\"linear-gradient-500f999\" x1=\"0\" x2=\"100%\" y1=\"0\" y2=\"0\"><stop offset=\"0%\" style=\"stop-opacity:1;stop-color:var(--linear-gradient-500-f-999-color-1)\"><\/stop><stop offset=\"100%\" style=\"stop-opacity:1;stop-color:var(--linear-gradient-500-f-999-color-2)\"><\/stop><\/lineargradient><\/defs><\/svg><svg xmlns=\"http:\/\/www.w3.org\/2000\/svg\" viewbox=\"0 0 576 512\" aria-hidden=\"true\" width=\"32\" height=\"32\"><path d=\"M565.6 36.2C572.1 40.7 576 48.1 576 56V392c0 10-6.2 18.9-15.5 22.4l-168 64c-5.2 2-10.9 2.1-16.1 .3L192.5 417.5l-160 61c-7.4 2.8-15.7 1.8-22.2-2.7S0 463.9 0 456V120c0-10 6.1-18.9 15.5-22.4l168-64c5.2-2 10.9-2.1 16.1-.3L383.5 94.5l160-61c7.4-2.8 15.7-1.8 22.2 2.7zM48 136.5V421.2l120-45.7V90.8L48 136.5zM360 422.7V137.3l-144-48V374.7l144 48zm48-1.5l120-45.7V90.8L408 136.5V421.2z\"\/><\/svg><\/div><\/span><\/div>\n\n\n\n<div class=\"wp-block-stackable-columns stk-block-columns stk-block stk-7b2b1cc\" data-block-id=\"7b2b1cc\"><div class=\"stk-row stk-inner-blocks stk-block-content stk-content-align stk-7b2b1cc-column\">\n<div class=\"wp-block-stackable-column stk-block-column stk-column stk-block stk-d882c5f\" data-v=\"4\" data-block-id=\"d882c5f\"><div class=\"stk-column-wrapper stk-block-column__content stk-container stk-d882c5f-container stk--no-background stk--no-padding\"><div class=\"stk-block-content stk-inner-blocks stk-d882c5f-inner-blocks\">\n<div class=\"wp-block-stackable-text stk-block-text stk-block stk-e9ccda5\" data-block-id=\"e9ccda5\"><style>.stk-e9ccda5 {margin-bottom:0px !important;}.stk-e9ccda5 .stk-block-text__text{color:#0f0e17 !important;font-weight:bold !important;}<\/style><p class=\"stk-block-text__text has-text-color\"><strong>ADDRESS<\/strong><\/p><\/div>\n\n\n\n<div class=\"wp-block-stackable-subtitle stk-block-subtitle stk-block stk-c7d44ac\" data-block-id=\"c7d44ac\"><style>.stk-c7d44ac .stk-block-subtitle__text{color:#0f0e17 !important;}<\/style><p class=\"stk-block-subtitle__text stk-subtitle has-text-color\"><strong>Address: Carrera 9, Sector La Playa, La Boquilla, Cartagena de Indias<\/strong><\/p><\/div>\n<\/div><\/div><\/div>\n<\/div><\/div>\n<\/div><\/div><\/div>\n\n\n\n<div class=\"wp-block-stackable-column stk-block-column stk-column stk-block stk-4704f02\" data-v=\"4\" data-block-id=\"4704f02\"><style>.stk-4704f02-inner-blocks{justify-content:flex-start !important;align-items:flex-start !important;}@media screen and (min-width: 768px){.stk-4704f02 {flex:var(--stk-flex-grow, 1) 1 calc(33.33% - var(--stk-column-gap, 0px) * 2 \/ 3 ) !important;}}<\/style><div class=\"stk-column-wrapper stk-block-column__content stk-container stk-4704f02-container stk--no-background stk--no-padding\"><div class=\"stk--block-horizontal-flex stk--column-flex stk-block-content stk-inner-blocks stk-4704f02-inner-blocks\">\n<div class=\"wp-block-stackable-icon stk-block-icon stk-block stk-46e264e\" data-block-id=\"46e264e\"><style>.stk-46e264e .stk--svg-wrapper .stk--inner-svg svg:last-child, .stk-46e264e .stk--svg-wrapper .stk--inner-svg svg:last-child :is(g, path, rect, polygon, ellipse){fill:#0f0e17 !important;}<\/style><span class=\"stk--svg-wrapper\"><div class=\"stk--inner-svg\"><svg style=\"height:0;width:0\"><defs><lineargradient id=\"linear-gradient-46e264e\" x1=\"0\" x2=\"100%\" y1=\"0\" y2=\"0\"><stop offset=\"0%\" style=\"stop-opacity:1;stop-color:var(--linear-gradient-46-e-264-e-color-1)\"><\/stop><stop offset=\"100%\" style=\"stop-opacity:1;stop-color:var(--linear-gradient-46-e-264-e-color-2)\"><\/stop><\/lineargradient><\/defs><\/svg><svg xmlns=\"http:\/\/www.w3.org\/2000\/svg\" viewbox=\"0 0 512 512\" aria-hidden=\"true\" width=\"32\" height=\"32\"><path d=\"M64 112c-8.8 0-16 7.2-16 16v22.1L220.5 291.7c20.7 17 50.4 17 71.1 0L464 150.1V128c0-8.8-7.2-16-16-16H64zM48 212.2V384c0 8.8 7.2 16 16 16H448c8.8 0 16-7.2 16-16V212.2L322 328.8c-38.4 31.5-93.7 31.5-132 0L48 212.2zM0 128C0 92.7 28.7 64 64 64H448c35.3 0 64 28.7 64 64V384c0 35.3-28.7 64-64 64H64c-35.3 0-64-28.7-64-64V128z\"\/><\/svg><\/div><\/span><\/div>\n\n\n\n<div class=\"wp-block-stackable-columns stk-block-columns stk-block stk-189db46\" data-block-id=\"189db46\"><div class=\"stk-row stk-inner-blocks stk-block-content stk-content-align stk-189db46-column\">\n<div class=\"wp-block-stackable-column stk-block-column stk-column stk-block stk-1d64bae\" data-v=\"4\" data-block-id=\"1d64bae\"><div class=\"stk-column-wrapper stk-block-column__content stk-container stk-1d64bae-container stk--no-background stk--no-padding\"><div class=\"stk-block-content stk-inner-blocks stk-1d64bae-inner-blocks\">\n<div class=\"wp-block-stackable-text stk-block-text stk-block stk-c28d8b3\" data-block-id=\"c28d8b3\"><style>.stk-c28d8b3 {margin-bottom:0px !important;}.stk-c28d8b3 .stk-block-text__text{color:#0f0e17 !important;font-weight:bold !important;}<\/style><p class=\"stk-block-text__text has-text-color\">EMAIL<\/p><\/div>\n\n\n\n<div class=\"wp-block-stackable-subtitle stk-block-subtitle stk-block stk-532f12e\" data-block-id=\"532f12e\"><style>.stk-532f12e .stk-block-subtitle__text{color:#0f0e17 !important;}<\/style><p class=\"stk-block-subtitle__text stk-subtitle has-text-color\"><strong>reservascabanayalis@gmail.com<\/strong><\/p><\/div>\n<\/div><\/div><\/div>\n<\/div><\/div>\n<\/div><\/div><\/div>\n\n\n\n<div class=\"wp-block-stackable-column stk-block-column stk-column stk-block stk-9d6b8c6\" data-v=\"4\" data-block-id=\"9d6b8c6\"><style>.stk-9d6b8c6-inner-blocks{justify-content:flex-start !important;}@media screen and (min-width: 768px){.stk-9d6b8c6 {flex:var(--stk-flex-grow, 1) 1 calc(33.33% - var(--stk-column-gap, 0px) * 2 \/ 3 ) !important;}}<\/style><div class=\"stk-column-wrapper stk-block-column__content stk-container stk-9d6b8c6-container stk--no-background stk--no-padding\"><div class=\"stk--block-horizontal-flex stk--column-flex stk-block-content stk-inner-blocks stk-9d6b8c6-inner-blocks\">\n<div class=\"wp-block-stackable-icon stk-block-icon stk-block stk-4957878\" data-block-id=\"4957878\"><style>.stk-4957878 .stk--svg-wrapper .stk--inner-svg svg:last-child, .stk-4957878 .stk--svg-wrapper .stk--inner-svg svg:last-child :is(g, path, rect, polygon, ellipse){fill:#0f0e17 !important;}<\/style><span class=\"stk--svg-wrapper\"><div class=\"stk--inner-svg\"><svg style=\"height:0;width:0\"><defs><lineargradient id=\"linear-gradient-4957878\" x1=\"0\" x2=\"100%\" y1=\"0\" y2=\"0\"><stop offset=\"0%\" style=\"stop-opacity:1;stop-color:var(--linear-gradient-4957878-color-1)\"><\/stop><stop offset=\"100%\" style=\"stop-opacity:1;stop-color:var(--linear-gradient-4957878-color-2)\"><\/stop><\/lineargradient><\/defs><\/svg><svg xmlns=\"http:\/\/www.w3.org\/2000\/svg\" viewbox=\"0 0 512 512\" aria-hidden=\"true\" width=\"32\" height=\"32\"><path d=\"M164.9 24.6c-7.7-18.6-28-28.5-47.4-23.2l-88 24C12.1 30.2 0 46 0 64C0 311.4 200.6 512 448 512c18 0 33.8-12.1 38.6-29.5l24-88c5.3-19.4-4.6-39.7-23.2-47.4l-96-40c-16.3-6.8-35.2-2.1-46.3 11.6L304.7 368C234.3 334.7 177.3 277.7 144 207.3L193.3 167c13.7-11.2 18.4-30 11.6-46.3l-40-96z\"\/><\/svg><\/div><\/span><\/div>\n\n\n\n<div class=\"wp-block-stackable-columns stk-block-columns stk-block stk-984bf14\" data-block-id=\"984bf14\"><div class=\"stk-row stk-inner-blocks stk-block-content stk-content-align stk-984bf14-column\">\n<div class=\"wp-block-stackable-column stk-block-column stk-column stk-block stk-2b6a724\" data-v=\"4\" data-block-id=\"2b6a724\"><div class=\"stk-column-wrapper stk-block-column__content stk-container stk-2b6a724-container stk--no-background stk--no-padding\"><div class=\"stk-block-content stk-inner-blocks stk-2b6a724-inner-blocks\">\n<div class=\"wp-block-stackable-text stk-block-text stk-block stk-9a2f051\" data-block-id=\"9a2f051\"><style>.stk-9a2f051 {margin-bottom:0px !important;}.stk-9a2f051 .stk-block-text__text{color:#0f0e17 !important;font-weight:bold !important;}<\/style><p class=\"stk-block-text__text has-text-color\"><strong>PHONE NUMBER<\/strong><\/p><\/div>\n\n\n\n<div class=\"wp-block-stackable-subtitle stk-block-subtitle stk-block stk-edc1b3b\" data-block-id=\"edc1b3b\"><style>.stk-edc1b3b .stk-block-subtitle__text{color:#0f0e17 !important;}<\/style><p class=\"stk-block-subtitle__text stk-subtitle has-text-color\"><strong>+57 304 648 8271<\/strong><\/p><\/div>\n<\/div><\/div><\/div>\n<\/div><\/div>\n<\/div><\/div><\/div>\n\n\n\n<div class=\"wp-block-stackable-column stk-block-column stk-column stk-block stk-1a6ffc1\" data-v=\"4\" data-block-id=\"1a6ffc1\"><style>@media screen and (min-width: 768px){.stk-1a6ffc1 {flex:var(--stk-flex-grow, 1) 1 calc(100% - var(--stk-column-gap, 0px) * 0 \/ 1 ) !important;}}<\/style><div class=\"stk-column-wrapper stk-block-column__content stk-container stk-1a6ffc1-container stk--no-background stk--no-padding\"><div class=\"stk-block-content stk-inner-blocks stk-1a6ffc1-inner-blocks\">\n<div class=\"wp-block-stackable-columns stk-block-columns stk-block stk-b228631\" data-block-id=\"b228631\"><div class=\"stk-row stk-inner-blocks stk-block-content stk-content-align stk-b228631-column\">\n<div class=\"wp-block-stackable-column stk-block-column stk-column stk-block stk-e92f0bc\" data-v=\"4\" data-block-id=\"e92f0bc\"><div class=\"stk-column-wrapper stk-block-column__content stk-container stk-e92f0bc-container stk--no-background stk--no-padding\"><div class=\"stk-block-content stk-inner-blocks stk-e92f0bc-inner-blocks\">\n<div class=\"wp-block-stackable-map stk-block-map stk-block stk-895da51\" data-block-id=\"895da51\"><style>.stk-895da51 .stk-block-map__canvas, .stk-895da51 iframe{height:417px !important;}<\/style><iframe\n\t\t\t\t\t\ttitle=\"Embedded content from Google Maps Platform.\"\n\t\t\t\t\t\tsrc=\"https:\/\/maps.google.com\/maps?q=CABA\u00d1A YALIS&#038;t=&#038;z=12&#038;ie=UTF8&#038;output=embed\"\n\t\t\t\t\t\tstyle=\"border:0;width:100%;max-width:none;max-height:none;height:100%;\"\n\t\t\t\t\t\taria-hidden=\"false\"\n\t\t\t\t\t\ttabindex=\"0\"\n\t\t\t\t\t\tallowfullscreen\n\t\t\t\t\t\tloading=\"lazy\"\n\t\t\t\t\t\tframeborder=\"0\"\n\t\t\t\t\t><\/iframe><\/div>\n<\/div><\/div><\/div>\n<\/div><\/div>\n<\/div><\/div><\/div>\n<\/div><\/div>\n\n\n\n<hr class=\"wp-block-separator has-alpha-channel-opacity\"\/>\n\n\n\n<p class=\"wp-block-paragraph\"><\/p>","protected":false},"excerpt":{"rendered":"<p>Tambi\u00e9n nos puedes dejar tus comentarios, dudas o sugerencias con el siguiente formulario. Estaremos encantados de responderte DIRECCI\u00d3N Carrera 9, Sector La Playa, La Boquilla, Cartagena de Indias EMAIL reservascabanayalis@gmail.com TEL\u00c9FONO +57 304 648 8271<\/p>","protected":false},"author":270876243,"featured_media":0,"parent":0,"menu_order":0,"comment_status":"closed","ping_status":"closed","template":"","meta":{"_crdt_document":"","advanced_seo_description":"","jetpack_seo_html_title":"","jetpack_seo_noindex":false,"footnotes":""},"class_list":["post-183","page","type-page","status-publish","hentry"],"jetpack_sharing_enabled":true,"jetpack-related-posts":[{"id":622,"url":"https:\/\/cabanayalis.com\/en\/politica-de-cookies\/","url_meta":{"origin":183,"position":0},"title":"Pol\u00edtica de Cookies","author":"diegomh2299","date":"25 de February de 2026","format":false,"excerpt":"CABA\u00d1A YALIS \/ WWW.CABA\u00d1AYALIS.COMVersi\u00f3n: 1.0\u00daltima actualizaci\u00f3n: 25\/02\/2026 1. \u00bfQu\u00e9 son las cookies? Las cookies son archivos peque\u00f1os que se almacenan en el dispositivo del usuario cuando visita un sitio web. Permiten el funcionamiento del sitio, recordar preferencias y obtener estad\u00edsticas de uso. 2. \u00bfQu\u00e9 cookies usamos? En WWW.CABA\u00d1AYALIS.COM podemos usar\u2026","rel":"","context":"Similar post","block_context":{"text":"Similar post","link":""},"img":{"alt_text":"","src":"","width":0,"height":0},"classes":[]},{"id":614,"url":"https:\/\/cabanayalis.com\/en\/politica-de-privacidad\/","url_meta":{"origin":183,"position":1},"title":"Pol\u00edtica de Privacidad","author":"diegomh2299","date":"25 de February de 2026","format":false,"excerpt":"POL\u00cdTICA DE PRIVACIDAD Y TRATAMIENTO DE DATOS PERSONALESCABA\u00d1A YALIS \/ CABA\u00d1A Y RESTAURANTE YALIS S.A.S Versi\u00f3n: 1.0Vigencia desde: 25\/02\/2026\u00daltima actualizaci\u00f3n: 25\/02\/2026 1. Responsable del tratamiento CABA\u00d1A Y RESTAURANTE YALIS S.A.S , identificado con NIT: 901462343-1, con domicilio en CRA 9 SEC LA PLAYA BARRIO LA BOQUILLA, CARTAGENA, BOLIVAR, COLOMBIA. correo\u2026","rel":"","context":"Similar post","block_context":{"text":"Similar post","link":""},"img":{"alt_text":"","src":"","width":0,"height":0},"classes":[]},{"id":384,"url":"https:\/\/cabanayalis.com\/en\/wp-booking-calendar\/","url_meta":{"origin":183,"position":2},"title":"Formulario de reserva","author":"diegomh2299","date":"10 de December de 2025","format":false,"excerpt":"","rel":"","context":"Similar post","block_context":{"text":"Similar post","link":""},"img":{"alt_text":"","src":"","width":0,"height":0},"classes":[]},{"id":716,"url":"https:\/\/cabanayalis.com\/en\/wp-booking-calendar-contact\/","url_meta":{"origin":183,"position":3},"title":"Contact Form","author":"","date":"27 de April de 2026","format":false,"excerpt":"","rel":"","context":"Similar post","block_context":{"text":"Similar post","link":""},"img":{"alt_text":"","src":"","width":0,"height":0},"classes":[]},{"id":16,"url":"https:\/\/cabanayalis.com\/en\/contacto\/","url_meta":{"origin":183,"position":4},"title":"CABA\u00d1A YALIS","author":"diegomh2299","date":"11 de November de 2025","format":false,"excerpt":"Chat en WhatsApp S\u00edguenos en nuestras redes sociales Carrera 9, Sector La Playa, La Boquilla, Cartagena de Indias +57 304 648 8271 cyalisrestaurante@gmail.com Carrera 9, Cartagena, Bol\u00edvar, Colombia Contacto +57 304 648 8271 Men\u00fa \u00a9 2025 todos los derechos reservados.","rel":"","context":"Similar post","block_context":{"text":"Similar post","link":""},"img":{"alt_text":"","src":"","width":0,"height":0},"classes":[]},{"id":102,"url":"https:\/\/cabanayalis.com\/en\/pago-fallido\/","url_meta":{"origin":183,"position":5},"title":"Pago fallido","author":"","date":"12 de November de 2025","format":false,"excerpt":"Lo siento, pero tu transacci\u00f3n no se ha procesado. Int\u00e9ntalo de nuevo o ponte en contacto con el soporte del sitio.","rel":"","context":"Similar post","block_context":{"text":"Similar post","link":""},"img":{"alt_text":"","src":"","width":0,"height":0},"classes":[]}],"_links":{"self":[{"href":"https:\/\/cabanayalis.com\/en\/wp-json\/wp\/v2\/pages\/183","targetHints":{"allow":["GET"]}}],"collection":[{"href":"https:\/\/cabanayalis.com\/en\/wp-json\/wp\/v2\/pages"}],"about":[{"href":"https:\/\/cabanayalis.com\/en\/wp-json\/wp\/v2\/types\/page"}],"author":[{"embeddable":true,"href":"https:\/\/cabanayalis.com\/en\/wp-json\/wp\/v2\/users\/270876243"}],"replies":[{"embeddable":true,"href":"https:\/\/cabanayalis.com\/en\/wp-json\/wp\/v2\/comments?post=183"}],"version-history":[{"count":30,"href":"https:\/\/cabanayalis.com\/en\/wp-json\/wp\/v2\/pages\/183\/revisions"}],"predecessor-version":[{"id":656,"href":"https:\/\/cabanayalis.com\/en\/wp-json\/wp\/v2\/pages\/183\/revisions\/656"}],"wp:attachment":[{"href":"https:\/\/cabanayalis.com\/en\/wp-json\/wp\/v2\/media?parent=183"}],"curies":[{"name":"wp","href":"https:\/\/api.w.org\/{rel}","templated":true}]}}